{"id":24381,"date":"2024-05-14T16:41:02","date_gmt":"2024-05-14T14:41:02","guid":{"rendered":"https:\/\/mago-web.it\/mago-for-ecommerce"},"modified":"2024-05-17T10:16:59","modified_gmt":"2024-05-17T08:16:59","slug":"mago-for-ecommerce","status":"publish","type":"page","link":"https:\/\/mago-web.it\/it\/funzioni-strumenti\/mago-per-il-tuo-ecommerce","title":{"rendered":"Mago per il tuo eCommerce"},"content":{"rendered":"<div class=\"wpb-content-wrapper\">[vc_row full_width=&#8221;stretch_row&#8221; wrap_container=&#8221;yes&#8221; equal_height=&#8221;yes&#8221; content_placement=&#8221;middle&#8221; el_class=&#8221;bg-cover&#8221; css=&#8221;.vc_custom_1615283305501{margin-bottom: 40px !important;background-position: center !important;background-repeat: no-repeat !important;background-size: cover !important;}&#8221;][vc_column]\n\t\t\t<!-- START IT_Mago eCommerce REVOLUTION SLIDER 6.7.39 --><p class=\"rs-p-wp-fix\"><\/p>\n\t\t\t<rs-module-wrap id=\"rev_slider_237_1_wrapper\" data-source=\"gallery\" style=\"visibility:hidden;background:transparent;padding:0;margin:0px auto;margin-top:0;margin-bottom:0;\">\n\t\t\t\t<rs-module id=\"rev_slider_237_1\" style=\"\" data-version=\"6.7.39\">\n\t\t\t\t\t<rs-slides style=\"overflow: hidden; position: absolute;\">\n\t\t\t\t\t\t<rs-slide style=\"position: absolute;\" data-key=\"rs-319\" data-title=\"Slide\" data-duration=\"18040\" data-anim=\"ms:10;\" data-in=\"o:1;\" data-out=\"a:false;\">\n\t\t\t\t\t\t\t<img decoding=\"async\" src=\"\/\/mago-web.it\/wp-content\/plugins\/revslider\/sr6\/assets\/assets\/dummy.png\" alt=\"\" title=\"mago-ecommerce-\" width=\"1425\" height=\"661\" class=\"rev-slidebg tp-rs-img rs-lazyload\" data-lazyload=\"\/\/mago-web.it\/wp-content\/uploads\/2024\/05\/mago-ecommerce-1-1.jpg\" data-bg=\"p:center top;\" data-no-retina>\n<!--\n\t\t\t\t\t\t\t--><h2\n\t\t\t\t\t\t\t\tid=\"slider-237-slide-319-layer-8\" \n\t\t\t\t\t\t\t\tclass=\"rs-layer\"\n\t\t\t\t\t\t\t\tdata-type=\"text\"\n\t\t\t\t\t\t\t\tdata-color=\"rgba(0, 0, 0, 1)||rgba(0, 0, 0, 1)||rgba(0, 0, 0, 1)||rgba(85, 85, 85, 1)\"\n\t\t\t\t\t\t\t\tdata-rsp_ch=\"on\"\n\t\t\t\t\t\t\t\tdata-xy=\"x:c;xo:0,4px,0,0;yo:393px,447px,578px,397px;\"\n\t\t\t\t\t\t\t\tdata-text=\"s:40,40,40,27;l:40,40,40,30;fw:300;\"\n\t\t\t\t\t\t\t\tdata-dim=\"h:41px,auto,auto,auto;\"\n\t\t\t\t\t\t\t\tdata-frame_1=\"sR:10;\"\n\t\t\t\t\t\t\t\tdata-frame_999=\"o:0;st:w;sR:17730;\"\n\t\t\t\t\t\t\t\tstyle=\"z-index:9;font-family:'Raleway';\"\n\t\t\t\t\t\t\t>Magoweb per il tuo ecommerce \n\t\t\t\t\t\t\t<\/h2><!--\n\n\t\t\t\t\t\t\t--><rs-layer\n\t\t\t\t\t\t\t\tid=\"slider-237-slide-319-layer-14\" \n\t\t\t\t\t\t\t\tclass=\"tp-shape tp-shapewrapper\"\n\t\t\t\t\t\t\t\tdata-type=\"shape\"\n\t\t\t\t\t\t\t\tdata-rsp_ch=\"on\"\n\t\t\t\t\t\t\t\tdata-xy=\"x:c;yo:373px,425px,555px,375px;\"\n\t\t\t\t\t\t\t\tdata-text=\"a:inherit;\"\n\t\t\t\t\t\t\t\tdata-dim=\"w:657px,667px,644px,441px;h:84,93,92,79;\"\n\t\t\t\t\t\t\t\tdata-border=\"bor:10px,10px,10px,10px;\"\n\t\t\t\t\t\t\t\tdata-frame_1=\"sR:10;\"\n\t\t\t\t\t\t\t\tdata-frame_999=\"o:0;st:w;sR:17730;\"\n\t\t\t\t\t\t\t\tstyle=\"z-index:8;background-color:rgba(255,255,255,0.9);\"\n\t\t\t\t\t\t\t> \n\t\t\t\t\t\t\t<\/rs-layer><!--\n-->\t\t\t\t\t<\/rs-slide>\n\t\t\t\t\t<\/rs-slides>\n\t\t\t\t\t<rs-static-layers><!--\n\t\t\t\t\t--><\/rs-static-layers>\n\t\t\t\t<\/rs-module>\n\t\t\t\t<script>\n\t\t\t\t\tsetREVStartSize({c: 'rev_slider_237_1',rl:[1240,1024,778,480],el:[500,768,960,720],gw:[1920,1024,778,480],gh:[500,768,960,720],type:'hero',justify:'',layout:'fullwidth',mh:\"0\"});if (window.RS_MODULES!==undefined && window.RS_MODULES.modules!==undefined && window.RS_MODULES.modules[\"revslider2371\"]!==undefined) {window.RS_MODULES.modules[\"revslider2371\"].once = false;window.revapi237 = undefined;if (window.RS_MODULES.checkMinimal!==undefined) window.RS_MODULES.checkMinimal()}\n\t\t\t\t<\/script>\n\t\t\t<\/rs-module-wrap>\n\t\t\t<!-- END REVOLUTION SLIDER -->\n[\/vc_column][\/vc_row][vc_row full_width=&#8221;stretch_row&#8221; wrap_container=&#8221;yes&#8221; text_align=&#8221;left&#8221; el_class=&#8221;bg-custom-color-1&#8243; css=&#8221;.vc_custom_1615283426971{margin-top: 20px !important;}&#8221;][vc_column]<div class=\"porto-u-heading  wpb_custom_ab3c06935b22e757d9ab4d573cfe1562 porto-u-ad87e2eaf3f9c495180fe0156ddf3eb0 \"><div class=\"porto-u-main-heading\"><h1   style=\"margin-bottom: 9px;\">Ottimizza il tuo negozio online integrando il gestionale Magoweb con le migliori piattaforme di e-commerce<\/h1><\/div><style>.porto-u-ad87e2eaf3f9c495180fe0156ddf3eb0.porto-u-heading{text-align:left}<\/style><\/div>[vc_empty_space height=&#8221;16px&#8221;][vc_column_text]\n<p style=\"text-align: left;\"><span style=\"font-size: 18px;\">Approfitta dei vantaggi che la soluzione ERP Magoweb garantisce grazie all&#8217;integrazione con i migliori E-Commerce!<br \/>\n<\/span><\/p>\n[\/vc_column_text][vc_column_text]\n<p style=\"text-align: left;\"><span style=\"font-size: 18px;\">Per il tuo brand o il tuo negozio, il mondo digitale non \u00e8 solo una vetrina, ma \u00e8 un ottimo alleato per espandere il tuo business.<br \/>\n<strong>I clienti sono costantemente connessi<\/strong>: navigano, si informano e acquistano prodotti. Con Mago web gestisci al meglio i tuoi listini e ottimizzi le tue vendite online.<\/span><\/p>\n[\/vc_column_text][vc_empty_space][\/vc_column][\/vc_row][vc_row full_width=&#8221;stretch_row_content&#8221; css=&#8221;.vc_custom_1615283793015{padding-right: 3em !important;padding-bottom: 40px !important;padding-left: 3em !important;background-color: #c2d11c !important;}&#8221;][vc_column width=&#8221;1\/5&#8243;][vc_empty_space][vc_empty_space][vc_column_text]<span style=\"font-size: 24px; color: #ffffff;\">I vantaggi di<br \/>\n<strong>MagoWeb<\/strong><br \/>\nper il tuo e-commerce<\/span>[\/vc_column_text][\/vc_column][vc_column width=&#8221;1\/5&#8243;][vc_empty_space][vc_icon icon_fontawesome=&#8221;far fa-check-circle&#8221; color=&#8221;custom&#8221; size=&#8221;lg&#8221; custom_color=&#8221;#ffffff&#8221; el_class=&#8221;iconStyle&#8221;][vc_column_text]<span style=\"color: #ffffff; font-size: 20px;\"><strong>INTEGRAZIONE<\/strong><\/span><br \/>\n<span style=\"font-size: 20px; color: #ffffff;\"> con il miglior E-Commerce<\/span>[\/vc_column_text][\/vc_column][vc_column width=&#8221;1\/5&#8243;][vc_empty_space][vc_icon icon_fontawesome=&#8221;far fa-check-circle&#8221; color=&#8221;custom&#8221; size=&#8221;lg&#8221; custom_color=&#8221;#ffffff&#8221; el_class=&#8221;iconStyle&#8221;][vc_column_text]<span style=\"color: #ffffff; font-size: 20px;\"><strong>LISTINI PREZZI PERSONALIZZATI<\/strong><\/span><br \/>\n<span style=\"font-size: 20px; color: #ffffff;\">Puoi decidere quali prodotti vendere online creando un assortimento dedicato in MagoWeb.<\/span>[\/vc_column_text][\/vc_column][vc_column width=&#8221;1\/5&#8243;][vc_empty_space][vc_icon icon_fontawesome=&#8221;far fa-check-circle&#8221; color=&#8221;custom&#8221; size=&#8221;lg&#8221; custom_color=&#8221;#ffffff&#8221; el_class=&#8221;iconStyle&#8221;][vc_column_text]<span style=\"color: #ffffff; font-size: 20px;\"><strong>AGGIORNAMENTO IN TEMPO REALE<\/strong><\/span><span style=\"font-size: 20px; color: #ffffff;\"><br \/>\nti consente di mantenere sincronizzate le informazioni relative agli articoli<\/span>[\/vc_column_text][\/vc_column][vc_column width=&#8221;1\/5&#8243;][vc_empty_space][vc_icon icon_fontawesome=&#8221;far fa-check-circle&#8221; color=&#8221;custom&#8221; size=&#8221;lg&#8221; custom_color=&#8221;#ffffff&#8221; el_class=&#8221;iconStyle&#8221;][vc_column_text]<span style=\"color: #ffffff; font-size: 20px;\"><strong>FACILE COMUNICAZIONE <\/strong><\/span><span style=\"font-size: 20px; color: #ffffff;\"><br \/>\ncon sistemi di terze parti tramite API<\/span>[\/vc_column_text][\/vc_column][\/vc_row][vc_row][vc_column][vc_empty_space][vc_column_text]\n<h2 class=\"page-title\" style=\"text-align: left;\"><strong>Sfrutta i vantaggi che garantisce la soluzione ERP Magoweb grazie all\u2019integrazione con i migliori E-Commerce!<\/strong><\/h2>\n[\/vc_column_text][vc_empty_space height=&#8221;10px&#8221;][vc_column_text]\n<p style=\"text-align: left;\"><span style=\"font-size: 18px;\">Gestisci le anagrafiche dei prodotti e dei clienti, gli ordini e tutti i processi di magazzino in modo integrato e automatizzato con<strong> Magoweb.<\/strong><br \/>\nEfficienza, risparmio di tempo e un\u2019esperienza utente eccezionale per i tuoi clienti, <strong>Magoweb<\/strong> \u00e8 il software <strong>integrabile tramite API<\/strong> a soluzioni di e-commerce quali Shopify, Magento, Prestashop, etc\u2026per vendere online i tuoi prodotti e far crescere il tuo business.<\/span><\/p>\n<p style=\"text-align: left;\"><span style=\"font-size: 18px;\"><strong>MagoWeb<\/strong> \u00e8 in grado, tramite progetti standard o personalizzati, di adattarsi per <strong>modularit\u00e0 e flessibilit\u00e0<\/strong> ai modelli di business B2C e B2B e alle necessit\u00e0 dei pi\u00f9 disparati settori di mercato (moda, servizi, alimentare\u2026).<br \/>\n<\/span><\/p>\n[\/vc_column_text][vc_empty_space][vc_column_text]\n<h2 class=\"page-title\" style=\"text-align: left;\"><strong>Gestisci gli ordini in modo tempestivo<\/strong><\/h2>\n[\/vc_column_text][vc_empty_space height=&#8221;10px&#8221;][vc_column_text]\n<p style=\"text-align: left;\"><span style=\"font-size: 18px;\">Gli ordini effettuati dai tuoi clienti sull\u2019e-Commerce vengono registrati immediatamente dal tuo ERP Magoweb cos\u00ec come le disponibilit\u00e0 a magazzino. L\u2019aggiornamento in tempo reale dei dati consente di mantenere sincronizzate le informazioni relative agli articoli, alle categorie di retail, alle anagrafiche dei clienti, agli ordini effettuati e alle disponibilit\u00e0 di magazzino.<\/span><\/p>\n[\/vc_column_text][vc_empty_space][vc_column_text]\n<h2 class=\"page-title\" style=\"text-align: left;\"><strong>Seleziona i prodotti per la vendita online e crea listini personalizzati per i tuoi clienti<\/strong><\/h2>\n[\/vc_column_text][vc_empty_space height=&#8221;10px&#8221;][vc_column_text]\n<p style=\"text-align: left;\"><span style=\"font-size: 18px;\">Le informazioni presenti nell\u2019e-Commerce (articolo, descrizioni, categorie\u2026) possono essere facilmente aggiornate in <strong>Magoweb<\/strong> e trasmesse in tempo reale al tuo e-Commerce.<\/span><\/p>\n<p style=\"text-align: left;\"><span style=\"font-size: 18px;\">Puoi decidere quali prodotti vendere online creando un <strong>assortimento dedicato in Magoweb<\/strong> e aggiornando le disponibilit\u00e0 a seconda della stagionalit\u00e0 o delle esigenze del tuo business. Tutte le informazioni inserite nell\u2019ERP vengono trasmesse istantaneamente all\u2019e-Commerce.<br \/>\n<\/span><\/p>\n<p style=\"text-align: left;\"><span style=\"font-size: 18px;\"><strong>Puoi impostare in Magoweb i listini<\/strong> e una volta che il cliente ha effettuato l\u2019accesso al tuo e-Commerce visualizzer\u00e0 i prezzi che hai definito per la sua azienda. In ambito B2B \u00e8 spesso necessario creare listini dedicati per i tuoi clienti registrati, in modo da riservargli <strong>scontistiche e prezzi speciali<\/strong>, con Magoweb tutto questo \u00e8 <strong>semplice e immediato<\/strong>.<br \/>\n<\/span><\/p>\n[\/vc_column_text][vc_empty_space][\/vc_column][\/vc_row][vc_row parallax=&#8221;content-moving&#8221; parallax_speed_bg=&#8221;2.5&#8243; conditional_render=&#8221;%5B%7B%22value_role%22%3A%22administrator%22%7D%5D&#8221;][vc_column][vc_single_image image=&#8221;24376&#8243; img_size=&#8221;medium&#8221; alignment=&#8221;center&#8221;][vc_empty_space][\/vc_column][\/vc_row][vc_row][vc_column][vc_empty_space][vc_custom_heading text=&#8221;Users visiting this page have also searched for&#8221; font_container=&#8221;tag:h2|text_align:center&#8221; google_fonts=&#8221;font_family:Roboto%3A100%2C100italic%2C300%2C300italic%2Cregular%2Citalic%2C500%2C500italic%2C700%2C700italic%2C900%2C900italic|font_style:400%20regular%3A400%3Anormal&#8221;]<div class=\"porto-u-heading  wpb_custom_ab3c06935b22e757d9ab4d573cfe1562 porto-u-ad87e2eaf3f9c495180fe0156ddf3eb0 \"><div class=\"porto-u-main-heading\"><h1   style=\"margin-bottom: 10px;\">Scopri le altre funzionalit\u00e0<\/h1><\/div><style>.porto-u-ad87e2eaf3f9c495180fe0156ddf3eb0.porto-u-heading{text-align:left}<\/style><\/div>[vc_empty_space][vc_row_inner][vc_column_inner width=&#8221;1\/3&#8243;]<div class=\"porto-btn-ctn-center \"><a class=\"porto-btn porto-adjust-bottom-margin porto-btn-block porto-btn-fade-bg   wpb_custom_fa51088c2567b780100c1edcf8821d3b  porto-btn-center \" title='Mobile Apps' rel='' href = \"https:\/\/mago-web.it\/it\/funzioni-strumenti\/mobile-app-per-mago\"  data-hover=\"\" data-border-color=\"#005eb8\" data-bg=\"#005eb8\" data-hover-bg=\"#0273d6\" data-border-hover=\"\" data-shadow-click=\"none\" data-shadow=\"\" style=\"font-size:20px;border-radius:9px;border-width:2px;border-color:#005eb8;border-style:solid;background: #005eb8;color: #ffffff;\"><span class=\"porto-btn-hover\" style=\"background-color:#0273d6\"><\/span><span class=\"porto-btn-data porto-btn-text \" >Mobile app per mago<\/span><\/a><\/div>[\/vc_column_inner][vc_column_inner width=&#8221;1\/3&#8243;]<div class=\"porto-btn-ctn-center \"><a class=\"porto-btn porto-adjust-bottom-margin porto-btn-block porto-btn-fade-bg   wpb_custom_fa51088c2567b780100c1edcf8821d3b  porto-btn-center \"  rel='' href = \"https:\/\/mago-web.it\/it\/funzioni-strumenti\/area-magazzino-e-logistica\"  data-hover=\"\" data-border-color=\"#005eb8\" data-bg=\"#005eb8\" data-hover-bg=\"#0273d6\" data-border-hover=\"\" data-shadow-click=\"none\" data-shadow=\"\" style=\"font-size:20px;border-radius:9px;border-width:2px;border-color:#005eb8;border-style:solid;background: #005eb8;color: #ffffff;\"><span class=\"porto-btn-hover\" style=\"background-color:#0273d6\"><\/span><span class=\"porto-btn-data porto-btn-text \" >Magazzino e logistica<\/span><\/a><\/div>[\/vc_column_inner][vc_column_inner width=&#8221;1\/3&#8243;]<div class=\"porto-btn-ctn-center \"><a class=\"porto-btn porto-adjust-bottom-margin porto-btn-block porto-btn-fade-bg   wpb_custom_fa51088c2567b780100c1edcf8821d3b  porto-btn-center \" title='Financial &amp; accounting' rel='' href = \"https:\/\/mago-web.it\/it\/funzioni-strumenti\/area-amministrazione-e-finanza\"  data-hover=\"\" data-border-color=\"#005eb8\" data-bg=\"#005eb8\" data-hover-bg=\"#0273d6\" data-border-hover=\"\" data-shadow-click=\"none\" data-shadow=\"\" style=\"font-size:20px;border-radius:9px;border-width:2px;border-color:#005eb8;border-style:solid;background: #005eb8;color: #ffffff;\"><span class=\"porto-btn-hover\" style=\"background-color:#0273d6\"><\/span><span class=\"porto-btn-data porto-btn-text \" >Gestione amministrativa<\/span><\/a><\/div>[\/vc_column_inner][\/vc_row_inner][\/vc_column][\/vc_row][vc_row full_width=&#8221;stretch_row_content&#8221; wrap_container=&#8221;yes&#8221; equal_height=&#8221;yes&#8221; content_placement=&#8221;middle&#8221; el_class=&#8221;bg-img-cover&#8221; css=&#8221;.vc_custom_1715785803857{margin-top: 40px !important;background-image: url(https:\/\/mago-web.it\/wp-content\/uploads\/2024\/05\/mago-ecommerce-.jpg?id=24353) !important;background-position: 0 0 !important;background-repeat: no-repeat !important;}&#8221; conditional_render=&#8221;%5B%7B%22value_role%22%3A%22administrator%22%7D%5D&#8221;][vc_column]<div class=\"porto-block\" data-id=\"13354\"><style>.wpb_custom_ae7c71544425a8b42a9e7631e55cc892.porto-u-heading .porto-u-main-heading > *{font-weight:900;font-size:32px;}.testoBordato { text-shadow: -1px 0 #000, 0 1px #000, 1px 0 #000, 0 -1px #000 !important;}<\/style>[vc_row full_width=\"stretch_row_content\" wrap_container=\"yes\" equal_height=\"yes\" content_placement=\"middle\" parallax=\"content-moving\" el_class=\"bg-img-cover\" conditional_render=\"%5B%7B%22value_role%22%3A%22administrator%22%7D%5D\"][vc_column animation_type=\"fadeIn\"][vc_empty_space height=\"64px\"]<div class=\"porto-u-heading  wpb_custom_ae7c71544425a8b42a9e7631e55cc892 porto-u-55ca8359258f9a412be7e73af65d2aac \"><div class=\"porto-u-main-heading\"><h2   style=\"color:#ffffff;\">Raccontaci del progetto a cui stai lavorando<\/h2><\/div><style>.porto-u-55ca8359258f9a412be7e73af65d2aac.porto-u-heading{text-align:center}<\/style><\/div>[vc_empty_space height=\"24px\"][vc_row_inner][vc_column_inner width=\"1\/3\"][\/vc_column_inner][vc_column_inner width=\"1\/3\"][vc_btn title=\"Contattaci\" style=\"custom\" custom_background=\"#005eb8\" custom_text=\"#ffffff\" shape=\"rounded\" size=\"xl\" align=\"center\" link=\"url:https%3A%2F%2Fmago-web.it%2Fit%2Fcontatti|title:Contattaci\" el_class=\"buttonStyle\"][\/vc_column_inner][vc_column_inner width=\"1\/3\"][\/vc_column_inner][\/vc_row_inner][vc_empty_space height=\"64px\"][\/vc_column][\/vc_row]<\/div>[\/vc_column][\/vc_row]\n<\/div>","protected":false},"excerpt":{"rendered":"<p>[vc_row full_width=&#8221;stretch_row&#8221; wrap_container=&#8221;yes&#8221; equal_height=&#8221;yes&#8221; content_placement=&#8221;middle&#8221; el_class=&#8221;bg-cover&#8221; css=&#8221;.vc_custom_1615283305501{margin-bottom: 40px !important;background-position: center !important;background-repeat: no-repeat !important;background-size: cover !important;}&#8221;][vc_column][\/vc_column][\/vc_row][vc_row full_width=&#8221;stretch_row&#8221; wrap_container=&#8221;yes&#8221; text_align=&#8221;left&#8221; el_class=&#8221;bg-custom-color-1&#8243; css=&#8221;.vc_custom_1615283426971{margin-top: 20px !important;}&#8221;][vc_column][vc_empty_space height=&#8221;16px&#8221;][vc_column_text] Approfitta dei vantaggi che la soluzione ERP Magoweb garantisce grazie all&#8217;integrazione con i migliori E-Commerce! [\/vc_column_text][vc_column_text] Per il tuo brand o il tuo negozio, il mondo digitale non \u00e8 solo una vetrina, [&hellip;]<\/p>\n","protected":false},"author":34,"featured_media":0,"parent":0,"menu_order":0,"comment_status":"closed","ping_status":"closed","template":"","meta":{"footnotes":""},"class_list":["post-24381","page","type-page","status-publish","hentry"],"yoast_head":"<!-- This site is optimized with the Yoast SEO plugin v27.4 - https:\/\/yoast.com\/product\/yoast-seo-wordpress\/ -->\n<title>Mago per il tuo eCommerce - MagoWeb ERP<\/title>\n<meta name=\"robots\" content=\"index, follow, max-snippet:-1, max-image-preview:large, max-video-preview:-1\" \/>\n<link rel=\"canonical\" href=\"https:\/\/mago-web.it\/it\/funzioni-strumenti\/mago-per-il-tuo-ecommerce\" \/>\n<meta property=\"og:locale\" content=\"it_IT\" \/>\n<meta property=\"og:type\" content=\"article\" \/>\n<meta property=\"og:title\" content=\"Mago per il tuo eCommerce - MagoWeb ERP\" \/>\n<meta property=\"og:description\" content=\"[vc_row full_width=&#8221;stretch_row&#8221; wrap_container=&#8221;yes&#8221; equal_height=&#8221;yes&#8221; content_placement=&#8221;middle&#8221; el_class=&#8221;bg-cover&#8221; css=&#8221;.vc_custom_1615283305501{margin-bottom: 40px !important;background-position: center !important;background-repeat: no-repeat !important;background-size: cover !important;}&#8221;][vc_column][\/vc_column][\/vc_row][vc_row full_width=&#8221;stretch_row&#8221; wrap_container=&#8221;yes&#8221; text_align=&#8221;left&#8221; el_class=&#8221;bg-custom-color-1&#8243; css=&#8221;.vc_custom_1615283426971{margin-top: 20px !important;}&#8221;][vc_column][vc_empty_space height=&#8221;16px&#8221;][vc_column_text] Approfitta dei vantaggi che la soluzione ERP Magoweb garantisce grazie all&#8217;integrazione con i migliori E-Commerce! [\/vc_column_text][vc_column_text] Per il tuo brand o il tuo negozio, il mondo digitale non \u00e8 solo una vetrina, [&hellip;]\" \/>\n<meta property=\"og:url\" content=\"https:\/\/mago-web.it\/it\/funzioni-strumenti\/mago-per-il-tuo-ecommerce\" \/>\n<meta property=\"og:site_name\" content=\"MagoWeb ERP\" \/>\n<meta property=\"article:publisher\" content=\"https:\/\/www.facebook.com\/Zucchetti-Worldwide-799895010175846\/\" \/>\n<meta property=\"article:modified_time\" content=\"2024-05-17T08:16:59+00:00\" \/>\n<meta name=\"twitter:card\" content=\"summary_large_image\" \/>\n<meta name=\"twitter:site\" content=\"@ZucchettiWorld\" \/>\n<meta name=\"twitter:label1\" content=\"Tempo di lettura stimato\" \/>\n\t<meta name=\"twitter:data1\" content=\"3 minuti\" \/>\n<script type=\"application\/ld+json\" class=\"yoast-schema-graph\">{\"@context\":\"https:\\\/\\\/schema.org\",\"@graph\":[{\"@type\":\"WebPage\",\"@id\":\"https:\\\/\\\/mago-web.it\\\/it\\\/funzioni-strumenti\\\/mago-per-il-tuo-ecommerce\",\"url\":\"https:\\\/\\\/mago-web.it\\\/it\\\/funzioni-strumenti\\\/mago-per-il-tuo-ecommerce\",\"name\":\"Mago per il tuo eCommerce - MagoWeb ERP\",\"isPartOf\":{\"@id\":\"https:\\\/\\\/mago-web.it\\\/it#website\"},\"datePublished\":\"2024-05-14T14:41:02+00:00\",\"dateModified\":\"2024-05-17T08:16:59+00:00\",\"breadcrumb\":{\"@id\":\"https:\\\/\\\/mago-web.it\\\/it\\\/funzioni-strumenti\\\/mago-per-il-tuo-ecommerce#breadcrumb\"},\"inLanguage\":\"it-IT\",\"potentialAction\":[{\"@type\":\"ReadAction\",\"target\":[\"https:\\\/\\\/mago-web.it\\\/it\\\/funzioni-strumenti\\\/mago-per-il-tuo-ecommerce\"]}]},{\"@type\":\"BreadcrumbList\",\"@id\":\"https:\\\/\\\/mago-web.it\\\/it\\\/funzioni-strumenti\\\/mago-per-il-tuo-ecommerce#breadcrumb\",\"itemListElement\":[{\"@type\":\"ListItem\",\"position\":1,\"name\":\"Home\",\"item\":\"https:\\\/\\\/mago-web.it\\\/it\"},{\"@type\":\"ListItem\",\"position\":2,\"name\":\"Mago per il tuo eCommerce\"}]},{\"@type\":\"WebSite\",\"@id\":\"https:\\\/\\\/mago-web.it\\\/it#website\",\"url\":\"https:\\\/\\\/mago-web.it\\\/it\",\"name\":\"MagoWeb ERP\",\"description\":\"\",\"potentialAction\":[{\"@type\":\"SearchAction\",\"target\":{\"@type\":\"EntryPoint\",\"urlTemplate\":\"https:\\\/\\\/mago-web.it\\\/it?s={search_term_string}\"},\"query-input\":{\"@type\":\"PropertyValueSpecification\",\"valueRequired\":true,\"valueName\":\"search_term_string\"}}],\"inLanguage\":\"it-IT\"}]}<\/script>\n<!-- \/ Yoast SEO plugin. -->","yoast_head_json":{"title":"Mago per il tuo eCommerce - MagoWeb ERP","robots":{"index":"index","follow":"follow","max-snippet":"max-snippet:-1","max-image-preview":"max-image-preview:large","max-video-preview":"max-video-preview:-1"},"canonical":"https:\/\/mago-web.it\/it\/funzioni-strumenti\/mago-per-il-tuo-ecommerce","og_locale":"it_IT","og_type":"article","og_title":"Mago per il tuo eCommerce - MagoWeb ERP","og_description":"[vc_row full_width=&#8221;stretch_row&#8221; wrap_container=&#8221;yes&#8221; equal_height=&#8221;yes&#8221; content_placement=&#8221;middle&#8221; el_class=&#8221;bg-cover&#8221; css=&#8221;.vc_custom_1615283305501{margin-bottom: 40px !important;background-position: center !important;background-repeat: no-repeat !important;background-size: cover !important;}&#8221;][vc_column][\/vc_column][\/vc_row][vc_row full_width=&#8221;stretch_row&#8221; wrap_container=&#8221;yes&#8221; text_align=&#8221;left&#8221; el_class=&#8221;bg-custom-color-1&#8243; css=&#8221;.vc_custom_1615283426971{margin-top: 20px !important;}&#8221;][vc_column][vc_empty_space height=&#8221;16px&#8221;][vc_column_text] Approfitta dei vantaggi che la soluzione ERP Magoweb garantisce grazie all&#8217;integrazione con i migliori E-Commerce! [\/vc_column_text][vc_column_text] Per il tuo brand o il tuo negozio, il mondo digitale non \u00e8 solo una vetrina, [&hellip;]","og_url":"https:\/\/mago-web.it\/it\/funzioni-strumenti\/mago-per-il-tuo-ecommerce","og_site_name":"MagoWeb ERP","article_publisher":"https:\/\/www.facebook.com\/Zucchetti-Worldwide-799895010175846\/","article_modified_time":"2024-05-17T08:16:59+00:00","twitter_card":"summary_large_image","twitter_site":"@ZucchettiWorld","twitter_misc":{"Tempo di lettura stimato":"3 minuti"},"schema":{"@context":"https:\/\/schema.org","@graph":[{"@type":"WebPage","@id":"https:\/\/mago-web.it\/it\/funzioni-strumenti\/mago-per-il-tuo-ecommerce","url":"https:\/\/mago-web.it\/it\/funzioni-strumenti\/mago-per-il-tuo-ecommerce","name":"Mago per il tuo eCommerce - MagoWeb ERP","isPartOf":{"@id":"https:\/\/mago-web.it\/it#website"},"datePublished":"2024-05-14T14:41:02+00:00","dateModified":"2024-05-17T08:16:59+00:00","breadcrumb":{"@id":"https:\/\/mago-web.it\/it\/funzioni-strumenti\/mago-per-il-tuo-ecommerce#breadcrumb"},"inLanguage":"it-IT","potentialAction":[{"@type":"ReadAction","target":["https:\/\/mago-web.it\/it\/funzioni-strumenti\/mago-per-il-tuo-ecommerce"]}]},{"@type":"BreadcrumbList","@id":"https:\/\/mago-web.it\/it\/funzioni-strumenti\/mago-per-il-tuo-ecommerce#breadcrumb","itemListElement":[{"@type":"ListItem","position":1,"name":"Home","item":"https:\/\/mago-web.it\/it"},{"@type":"ListItem","position":2,"name":"Mago per il tuo eCommerce"}]},{"@type":"WebSite","@id":"https:\/\/mago-web.it\/it#website","url":"https:\/\/mago-web.it\/it","name":"MagoWeb ERP","description":"","potentialAction":[{"@type":"SearchAction","target":{"@type":"EntryPoint","urlTemplate":"https:\/\/mago-web.it\/it?s={search_term_string}"},"query-input":{"@type":"PropertyValueSpecification","valueRequired":true,"valueName":"search_term_string"}}],"inLanguage":"it-IT"}]}},"_links":{"self":[{"href":"https:\/\/mago-web.it\/it\/wp-json\/wp\/v2\/pages\/24381","targetHints":{"allow":["GET"]}}],"collection":[{"href":"https:\/\/mago-web.it\/it\/wp-json\/wp\/v2\/pages"}],"about":[{"href":"https:\/\/mago-web.it\/it\/wp-json\/wp\/v2\/types\/page"}],"author":[{"embeddable":true,"href":"https:\/\/mago-web.it\/it\/wp-json\/wp\/v2\/users\/34"}],"replies":[{"embeddable":true,"href":"https:\/\/mago-web.it\/it\/wp-json\/wp\/v2\/comments?post=24381"}],"version-history":[{"count":9,"href":"https:\/\/mago-web.it\/it\/wp-json\/wp\/v2\/pages\/24381\/revisions"}],"predecessor-version":[{"id":24399,"href":"https:\/\/mago-web.it\/it\/wp-json\/wp\/v2\/pages\/24381\/revisions\/24399"}],"wp:attachment":[{"href":"https:\/\/mago-web.it\/it\/wp-json\/wp\/v2\/media?parent=24381"}],"curies":[{"name":"wp","href":"https:\/\/api.w.org\/{rel}","templated":true}]}}